{"id":52900,"date":"2021-11-30T13:02:15","date_gmt":"2021-11-30T12:02:15","guid":{"rendered":"https:\/\/dev.supreme-fitness.de\/?page_id=52900"},"modified":"2022-06-20T10:19:14","modified_gmt":"2022-06-20T08:19:14","slug":"kontakt","status":"publish","type":"page","link":"https:\/\/dev.supreme-fitness.de\/?page_id=52900","title":{"rendered":"Kontakt"},"content":{"rendered":"<p>[et_pb_section fb_built=&#8220;1&#8243; _builder_version=&#8220;3.22&#8243; locked=&#8220;off&#8220; global_colors_info=&#8220;{}&#8220;][et_pb_row use_custom_gutter=&#8220;on&#8220; gutter_width=&#8220;2&#8243; make_equal=&#8220;on&#8220; _builder_version=&#8220;4.6.6&#8243; width_tablet=&#8220;90%&#8220; width_phone=&#8220;90%&#8220; width_last_edited=&#8220;off|tablet&#8220; max_width_tablet=&#8220;90%&#8220; max_width_phone=&#8220;90%&#8220; max_width_last_edited=&#8220;off|phone&#8220; locked=&#8220;off&#8220; global_colors_info=&#8220;{}&#8220;][et_pb_column type=&#8220;4_4&#8243; _builder_version=&#8220;3.25&#8243; custom_padding=&#8220;|||&#8220; global_colors_info=&#8220;{}&#8220; custom_padding__hover=&#8220;|||&#8220;][et_pb_text admin_label=&#8220;H1&#8243; _builder_version=&#8220;4.14.1&#8243; text_font=&#8220;Nunito||||||||&#8220; text_font_size=&#8220;15px&#8220; header_font=&#8220;Poppins|300|||||||&#8220; header_text_align=&#8220;left&#8220; header_text_color=&#8220;#000000&#8243; header_font_size=&#8220;50px&#8220; header_line_height=&#8220;1.3em&#8220; max_width=&#8220;604px&#8220; custom_margin=&#8220;||||false|false&#8220; header_font_size_tablet=&#8220;40px&#8220; header_font_size_phone=&#8220;25px&#8220; header_font_size_last_edited=&#8220;on|phone&#8220; global_colors_info=&#8220;{}&#8220;]<\/p>\n<h1>Impressum<\/h1>\n<p>[\/et_pb_text][\/et_pb_column][\/et_pb_row][et_pb_row column_structure=&#8220;3_5,2_5&#8243; make_equal=&#8220;on&#8220; _builder_version=&#8220;4.9.7&#8243; global_colors_info=&#8220;{}&#8220;][et_pb_column type=&#8220;3_5&#8243; _builder_version=&#8220;4.9.7&#8243; background_size=&#8220;contain&#8220; background_position=&#8220;bottom_center&#8220; custom_padding=&#8220;20px|20px|20px|20px|false|false&#8220; border_width_all=&#8220;1px&#8220; border_color_all=&#8220;#bfbfbf&#8220; global_colors_info=&#8220;{}&#8220; custom_padding__hover=&#8220;|||&#8220;][et_pb_contact_form captcha=&#8220;off&#8220; email=&#8220;&#105;n&#x66;o&#x40;p&#x61;r&#x74;&#121;&#x68;&#97;&#x75;&#115;&#x2e;&#100;e&#8220; title=&#8220;Ihre Nachricht&#8220; submit_button_text=&#8220;Absenden&#8220; admin_label=&#8220;Kontaktformular&#8220; module_id=&#8220;et_pb_contact_form_0&#8243; _builder_version=&#8220;4.14.1&#8243; _unique_id=&#8220;e81e9c72-42a7-4dab-91bf-17c96082aae2&#8243; form_field_background_color=&#8220;rgba(0,0,0,0)&#8220; form_field_text_color=&#8220;#000000&#8243; title_level=&#8220;h2&#8243; title_font=&#8220;Poppins|600|||||||&#8220; title_font_size=&#8220;30px&#8220; title_line_height=&#8220;1.3em&#8220; form_field_font=&#8220;Roboto|300|||||||&#8220; form_field_font_size=&#8220;15px&#8220; form_field_line_height=&#8220;1.6em&#8220; button_icon=&#8220;&#x24;||divi||400&#8243; button_on_hover=&#8220;off&#8220; custom_margin=&#8220;||||false|false&#8220; custom_margin_tablet=&#8220;&#8220; custom_margin_phone=&#8220;||40px&#8220; custom_margin_last_edited=&#8220;on|desktop&#8220; hover_enabled=&#8220;0&#8243; title_font_size_tablet=&#8220;&#8220; title_font_size_phone=&#8220;25px&#8220; title_font_size_last_edited=&#8220;on|desktop&#8220; border_width_all=&#8220;1px&#8220; border_color_all=&#8220;#bfbfbf&#8220; border_width_top=&#8220;0px&#8220; border_width_right=&#8220;0px&#8220; border_width_bottom=&#8220;1px&#8220; border_color_bottom=&#8220;#bfbfbf&#8220; border_width_left=&#8220;0px&#8220; form_background_color=&#8220;rgba(0,0,0,0)&#8220; global_colors_info=&#8220;{}&#8220; button_bg_color__hover_enabled=&#8220;on|hover&#8220; button_bg_color__hover=&#8220;#f70400&#8243; button_border_color__hover_enabled=&#8220;on&#8220; button_border_color__hover=&#8220;#bfbfbf&#8220; button_text_color__hover=&#8220;#000000&#8243; button_text_color__hover_enabled=&#8220;on&#8220; button_letter_spacing__hover=&#8220;2px&#8220; button_letter_spacing__hover_enabled=&#8220;on&#8220; button_bg_enable_color__hover=&#8220;on&#8220; button_text_color_hover=&#8220;#ffffff&#8220; button_bg_color_hover=&#8220;#297FCA&#8220; button_border_color_hover=&#8220;#297FCA&#8220; sticky_enabled=&#8220;0&#8243;][et_pb_contact_field field_id=&#8220;Name&#8220; field_title=&#8220;Vor- und Nachname&#8220; _builder_version=&#8220;4.9.7&#8243; global_colors_info=&#8220;{}&#8220; button_text_size__hover_enabled=&#8220;off&#8220; button_one_text_size__hover_enabled=&#8220;off&#8220; button_two_text_size__hover_enabled=&#8220;off&#8220; button_text_color__hover_enabled=&#8220;off&#8220; button_one_text_color__hover_enabled=&#8220;off&#8220; button_two_text_color__hover_enabled=&#8220;off&#8220; button_border_width__hover_enabled=&#8220;off&#8220; button_one_border_width__hover_enabled=&#8220;off&#8220; button_two_border_width__hover_enabled=&#8220;off&#8220; button_border_color__hover_enabled=&#8220;off&#8220; button_one_border_color__hover_enabled=&#8220;off&#8220; button_two_border_color__hover_enabled=&#8220;off&#8220; button_border_radius__hover_enabled=&#8220;off&#8220; button_one_border_radius__hover_enabled=&#8220;off&#8220; button_two_border_radius__hover_enabled=&#8220;off&#8220; button_letter_spacing__hover_enabled=&#8220;off&#8220; button_one_letter_spacing__hover_enabled=&#8220;off&#8220; button_two_letter_spacing__hover_enabled=&#8220;off&#8220; button_bg_color__hover_enabled=&#8220;off&#8220; button_one_bg_color__hover_enabled=&#8220;off&#8220; button_two_bg_color__hover_enabled=&#8220;off&#8220;][\/et_pb_contact_field][et_pb_contact_field field_id=&#8220;Email_2&#8243; field_title=&#8220;E-Mail-Addresse&#8220; field_type=&#8220;email&#8220; _builder_version=&#8220;4.9.7&#8243; global_colors_info=&#8220;{}&#8220; button_text_size__hover_enabled=&#8220;off&#8220; button_one_text_size__hover_enabled=&#8220;off&#8220; button_two_text_size__hover_enabled=&#8220;off&#8220; button_text_color__hover_enabled=&#8220;off&#8220; button_one_text_color__hover_enabled=&#8220;off&#8220; button_two_text_color__hover_enabled=&#8220;off&#8220; button_border_width__hover_enabled=&#8220;off&#8220; button_one_border_width__hover_enabled=&#8220;off&#8220; button_two_border_width__hover_enabled=&#8220;off&#8220; button_border_color__hover_enabled=&#8220;off&#8220; button_one_border_color__hover_enabled=&#8220;off&#8220; button_two_border_color__hover_enabled=&#8220;off&#8220; button_border_radius__hover_enabled=&#8220;off&#8220; button_one_border_radius__hover_enabled=&#8220;off&#8220; button_two_border_radius__hover_enabled=&#8220;off&#8220; button_letter_spacing__hover_enabled=&#8220;off&#8220; button_one_letter_spacing__hover_enabled=&#8220;off&#8220; button_two_letter_spacing__hover_enabled=&#8220;off&#8220; button_bg_color__hover_enabled=&#8220;off&#8220; button_one_bg_color__hover_enabled=&#8220;off&#8220; button_two_bg_color__hover_enabled=&#8220;off&#8220;][\/et_pb_contact_field][et_pb_contact_field field_id=&#8220;phone&#8220; field_title=&#8220;Telefon&#8220; fullwidth_field=&#8220;on&#8220; _builder_version=&#8220;4.9.7&#8243; global_colors_info=&#8220;{}&#8220; button_text_size__hover_enabled=&#8220;off&#8220; button_one_text_size__hover_enabled=&#8220;off&#8220; button_two_text_size__hover_enabled=&#8220;off&#8220; button_text_color__hover_enabled=&#8220;off&#8220; button_one_text_color__hover_enabled=&#8220;off&#8220; button_two_text_color__hover_enabled=&#8220;off&#8220; button_border_width__hover_enabled=&#8220;off&#8220; button_one_border_width__hover_enabled=&#8220;off&#8220; button_two_border_width__hover_enabled=&#8220;off&#8220; button_border_color__hover_enabled=&#8220;off&#8220; button_one_border_color__hover_enabled=&#8220;off&#8220; button_two_border_color__hover_enabled=&#8220;off&#8220; button_border_radius__hover_enabled=&#8220;off&#8220; button_one_border_radius__hover_enabled=&#8220;off&#8220; button_two_border_radius__hover_enabled=&#8220;off&#8220; button_letter_spacing__hover_enabled=&#8220;off&#8220; button_one_letter_spacing__hover_enabled=&#8220;off&#8220; button_two_letter_spacing__hover_enabled=&#8220;off&#8220; button_bg_color__hover_enabled=&#8220;off&#8220; button_one_bg_color__hover_enabled=&#8220;off&#8220; button_two_bg_color__hover_enabled=&#8220;off&#8220;][\/et_pb_contact_field][et_pb_contact_field field_id=&#8220;Message&#8220; field_title=&#8220;Ihre Anfrage&#8220; field_type=&#8220;text&#8220; fullwidth_field=&#8220;on&#8220; _builder_version=&#8220;4.9.7&#8243; global_colors_info=&#8220;{}&#8220; button_text_size__hover_enabled=&#8220;off&#8220; button_one_text_size__hover_enabled=&#8220;off&#8220; button_two_text_size__hover_enabled=&#8220;off&#8220; button_text_color__hover_enabled=&#8220;off&#8220; button_one_text_color__hover_enabled=&#8220;off&#8220; button_two_text_color__hover_enabled=&#8220;off&#8220; button_border_width__hover_enabled=&#8220;off&#8220; button_one_border_width__hover_enabled=&#8220;off&#8220; button_two_border_width__hover_enabled=&#8220;off&#8220; button_border_color__hover_enabled=&#8220;off&#8220; button_one_border_color__hover_enabled=&#8220;off&#8220; button_two_border_color__hover_enabled=&#8220;off&#8220; button_border_radius__hover_enabled=&#8220;off&#8220; button_one_border_radius__hover_enabled=&#8220;off&#8220; button_two_border_radius__hover_enabled=&#8220;off&#8220; button_letter_spacing__hover_enabled=&#8220;off&#8220; button_one_letter_spacing__hover_enabled=&#8220;off&#8220; button_two_letter_spacing__hover_enabled=&#8220;off&#8220; button_bg_color__hover_enabled=&#8220;off&#8220; button_one_bg_color__hover_enabled=&#8220;off&#8220; button_two_bg_color__hover_enabled=&#8220;off&#8220;][\/et_pb_contact_field][et_pb_contact_field field_id=&#8220;Datenschutzhinweis&#8220; field_title=&#8220;Datenschutzhinweis&#8220; field_type=&#8220;checkbox&#8220; checkbox_options=&#8220;%91{%22value%22:%22Ich stimme zu, dass meine personenbezogenen Daten aus dieser \u00dcbermittlung gespeichert, verarbeitet und genutzt werden d\u00fcrfen.%22,%22checked%22:0,%22dragID%22:-1}%93&#8243; fullwidth_field=&#8220;on&#8220; _builder_version=&#8220;4.9.7&#8243; _module_preset=&#8220;default&#8220; global_colors_info=&#8220;{}&#8220;][\/et_pb_contact_field][\/et_pb_contact_form][\/et_pb_column][et_pb_column type=&#8220;2_5&#8243; _builder_version=&#8220;3.25&#8243; custom_padding=&#8220;|||&#8220; global_colors_info=&#8220;{}&#8220; custom_padding__hover=&#8220;|||&#8220;][et_pb_blurb title=&#8220;01715390707&#8243; use_icon=&#8220;on&#8220; font_icon=&#8220;&#xe090;||divi||400&#8243; icon_color=&#8220;#f70400&#8243; image_icon_background_color=&#8220;#FFFFFF&#8220; image_icon_width=&#8220;30px&#8220; content_max_width=&#8220;100%&#8220; module_class=&#8220;hl_small&#8220; _builder_version=&#8220;4.13.0&#8243; header_level=&#8220;h2&#8243; header_text_align=&#8220;center&#8220; header_font_size=&#8220;30px&#8220; header_line_height=&#8220;1.8em&#8220; body_text_align=&#8220;center&#8220; image_icon_custom_padding=&#8220;25px|25px|25px|25px|false|false&#8220; custom_padding=&#8220;50px|43px|44px|43px|false|true&#8220; custom_padding_tablet=&#8220;&#8220; custom_padding_phone=&#8220;|30px||30px||true&#8220; custom_padding_last_edited=&#8220;on|phone&#8220; link_option_url=&#8220;tel:+491715390707&#8243; header_font_size_tablet=&#8220;28px&#8220; header_font_size_phone=&#8220;22px&#8220; header_font_size_last_edited=&#8220;on|phone&#8220; border_radii_image=&#8220;on|100%|100%|100%|100%&#8220; border_width_all_image=&#8220;3px&#8220; border_color_all_image=&#8220;#000000&#8243; box_shadow_style=&#8220;preset1&#8243; box_shadow_blur=&#8220;77px&#8220; box_shadow_spread=&#8220;9px&#8220; box_shadow_color=&#8220;rgba(84,84,84,0.09)&#8220; icon_font_size=&#8220;30px&#8220; use_circle=&#8220;on&#8220; use_circle_border=&#8220;on&#8220; circle_border_color=&#8220;#000000&#8243; circle_color=&#8220;#FFFFFF&#8220; global_colors_info=&#8220;{}&#8220; image_icon_background_color__sticky_enabled=&#8220;#02298e&#8220; image_icon_background_color__sticky=&#8220;#02298e&#8220;]<\/p>\n<p>Anfrage bevorzugt per WhatsApp oder SMS.<\/p>\n<p>[\/et_pb_blurb][et_pb_blurb title=&#8220;Unsere Adresse&#8220; use_icon=&#8220;on&#8220; font_icon=&#8220;&#xe081;||divi||400&#8243; icon_color=&#8220;#f70400&#8243; image_icon_background_color=&#8220;#FFFFFF&#8220; image_icon_width=&#8220;30px&#8220; content_max_width=&#8220;100%&#8220; module_class=&#8220;hl_small&#8220; _builder_version=&#8220;4.13.0&#8243; header_level=&#8220;h2&#8243; header_text_align=&#8220;center&#8220; header_font_size=&#8220;30px&#8220; header_line_height=&#8220;1.8em&#8220; body_text_align=&#8220;center&#8220; image_icon_custom_padding=&#8220;25px|25px|25px|25px|false|false&#8220; custom_padding=&#8220;50px|43px|44px|43px|false|true&#8220; custom_padding_tablet=&#8220;&#8220; custom_padding_phone=&#8220;|30px||30px||true&#8220; custom_padding_last_edited=&#8220;on|phone&#8220; link_option_url=&#8220;tel:+498231958444&#8243; header_font_size_tablet=&#8220;28px&#8220; header_font_size_phone=&#8220;22px&#8220; header_font_size_last_edited=&#8220;on|phone&#8220; border_radii_image=&#8220;on|100%|100%|100%|100%&#8220; border_width_all_image=&#8220;3px&#8220; border_color_all_image=&#8220;#000000&#8243; box_shadow_style=&#8220;preset1&#8243; box_shadow_blur=&#8220;77px&#8220; box_shadow_spread=&#8220;9px&#8220; box_shadow_color=&#8220;rgba(84,84,84,0.09)&#8220; icon_font_size=&#8220;30px&#8220; use_circle=&#8220;on&#8220; use_circle_border=&#8220;on&#8220; circle_border_color=&#8220;#000000&#8243; circle_color=&#8220;#FFFFFF&#8220; global_colors_info=&#8220;{}&#8220; image_icon_background_color__sticky_enabled=&#8220;#02298e&#8220; image_icon_background_color__sticky=&#8220;#02298e&#8220;]<\/p>\n<p><strong>Partyr\u00e4ume &#8211; Tanzr\u00e4ume<\/strong><br \/>Roland Stockmaier<br \/>Junkersstrasse 13<br \/>86343 K\u00f6nigsbrunn<\/p>\n<p>[\/et_pb_blurb][\/et_pb_column][\/et_pb_row][\/et_pb_section][et_pb_section fb_built=&#8220;1&#8243; fullwidth=&#8220;on&#8220; _builder_version=&#8220;4.9.7&#8243; _module_preset=&#8220;default&#8220; global_colors_info=&#8220;{}&#8220;][et_pb_fullwidth_code admin_label=&#8220;Google Maps&#8220; _builder_version=&#8220;4.14.1&#8243; _module_preset=&#8220;default&#8220; global_colors_info=&#8220;{}&#8220;]<iframe src=\"https:\/\/www.google.com\/maps\/embed?pb=!1m18!1m12!1m3!1d2656.558317817659!2d10.87165861606235!3d48.25362925104925!2m3!1f0!2f0!3f0!3m2!1i1024!2i768!4f13.1!3m3!1m2!1s0x479e9f7aa816e9d3%3A0xc2d7cb667eebf9b8!2sPartyhaus%2C%20Party-Tanz-%20und%20Saunar%C3%A4ume%20Roland%20Stockmaier!5e0!3m2!1sde!2sde!4v1626286448884!5m2!1sde!2sde\" width=\"100%\" height=\"600\" style=\"border:0;\" allowfullscreen=\"\" loading=\"lazy\"><\/iframe>[\/et_pb_fullwidth_code][\/et_pb_section]<\/p>\n","protected":false},"excerpt":{"rendered":"<p>ImpressumAnfrage bevorzugt per WhatsApp oder SMS.Partyr\u00e4ume &#8211; Tanzr\u00e4umeRoland StockmaierJunkersstrasse 1386343 K\u00f6nigsbrunn<\/p>\n","protected":false},"author":1,"featured_media":0,"parent":0,"menu_order":0,"comment_status":"closed","ping_status":"closed","template":"","meta":{"_et_pb_use_builder":"on","_et_pb_old_content":"","_et_gb_content_width":"","footnotes":""},"class_list":["post-52900","page","type-page","status-publish","hentry"],"yoast_head":"<!-- This site is optimized with the Yoast SEO plugin v27.6 - https:\/\/yoast.com\/product\/yoast-seo-wordpress\/ -->\n<title>Kontakt - Supreme Fitness-Club<\/title>\n<meta name=\"robots\" content=\"noindex, follow, max-snippet:-1, max-image-preview:large, max-video-preview:-1\" \/>\n<meta property=\"og:locale\" content=\"de_DE\" \/>\n<meta property=\"og:type\" content=\"article\" \/>\n<meta property=\"og:title\" content=\"Kontakt - Supreme Fitness-Club\" \/>\n<meta property=\"og:description\" content=\"ImpressumAnfrage bevorzugt per WhatsApp oder SMS.Partyr\u00e4ume - Tanzr\u00e4umeRoland StockmaierJunkersstrasse 1386343 K\u00f6nigsbrunn\" \/>\n<meta property=\"og:url\" content=\"https:\/\/dev.supreme-fitness.de\/?page_id=52900\" \/>\n<meta property=\"og:site_name\" content=\"Supreme Fitness-Club\" \/>\n<meta property=\"article:modified_time\" content=\"2022-06-20T08:19:14+00:00\" \/>\n<meta name=\"twitter:card\" content=\"summary_large_image\" \/>\n<meta name=\"twitter:label1\" content=\"Gesch\u00e4tzte Lesezeit\" \/>\n\t<meta name=\"twitter:data1\" content=\"8\u00a0Minuten\" \/>\n<script type=\"application\/ld+json\" class=\"yoast-schema-graph\">{\"@context\":\"https:\\\/\\\/schema.org\",\"@graph\":[{\"@type\":\"WebPage\",\"@id\":\"https:\\\/\\\/dev.supreme-fitness.de\\\/?page_id=52900\",\"url\":\"https:\\\/\\\/dev.supreme-fitness.de\\\/?page_id=52900\",\"name\":\"Kontakt - Supreme Fitness-Club\",\"isPartOf\":{\"@id\":\"https:\\\/\\\/dev.supreme-fitness.de\\\/#website\"},\"datePublished\":\"2021-11-30T12:02:15+00:00\",\"dateModified\":\"2022-06-20T08:19:14+00:00\",\"breadcrumb\":{\"@id\":\"https:\\\/\\\/dev.supreme-fitness.de\\\/?page_id=52900#breadcrumb\"},\"inLanguage\":\"de\",\"potentialAction\":[{\"@type\":\"ReadAction\",\"target\":[\"https:\\\/\\\/dev.supreme-fitness.de\\\/?page_id=52900\"]}]},{\"@type\":\"BreadcrumbList\",\"@id\":\"https:\\\/\\\/dev.supreme-fitness.de\\\/?page_id=52900#breadcrumb\",\"itemListElement\":[{\"@type\":\"ListItem\",\"position\":1,\"name\":\"Startseite\",\"item\":\"https:\\\/\\\/dev.supreme-fitness.de\\\/\"},{\"@type\":\"ListItem\",\"position\":2,\"name\":\"Kontakt\"}]},{\"@type\":\"WebSite\",\"@id\":\"https:\\\/\\\/dev.supreme-fitness.de\\\/#website\",\"url\":\"https:\\\/\\\/dev.supreme-fitness.de\\\/\",\"name\":\"Supreme Fitness-Club\",\"description\":\"Fitness-Studio im Lechfeld, 24.7.365\",\"potentialAction\":[{\"@type\":\"SearchAction\",\"target\":{\"@type\":\"EntryPoint\",\"urlTemplate\":\"https:\\\/\\\/dev.supreme-fitness.de\\\/?s={search_term_string}\"},\"query-input\":{\"@type\":\"PropertyValueSpecification\",\"valueRequired\":true,\"valueName\":\"search_term_string\"}}],\"inLanguage\":\"de\"}]}<\/script>\n<!-- \/ Yoast SEO plugin. -->","yoast_head_json":{"title":"Kontakt - Supreme Fitness-Club","robots":{"index":"noindex","follow":"follow","max-snippet":"max-snippet:-1","max-image-preview":"max-image-preview:large","max-video-preview":"max-video-preview:-1"},"og_locale":"de_DE","og_type":"article","og_title":"Kontakt - Supreme Fitness-Club","og_description":"ImpressumAnfrage bevorzugt per WhatsApp oder SMS.Partyr\u00e4ume - Tanzr\u00e4umeRoland StockmaierJunkersstrasse 1386343 K\u00f6nigsbrunn","og_url":"https:\/\/dev.supreme-fitness.de\/?page_id=52900","og_site_name":"Supreme Fitness-Club","article_modified_time":"2022-06-20T08:19:14+00:00","twitter_card":"summary_large_image","twitter_misc":{"Gesch\u00e4tzte Lesezeit":"8\u00a0Minuten"},"schema":{"@context":"https:\/\/schema.org","@graph":[{"@type":"WebPage","@id":"https:\/\/dev.supreme-fitness.de\/?page_id=52900","url":"https:\/\/dev.supreme-fitness.de\/?page_id=52900","name":"Kontakt - Supreme Fitness-Club","isPartOf":{"@id":"https:\/\/dev.supreme-fitness.de\/#website"},"datePublished":"2021-11-30T12:02:15+00:00","dateModified":"2022-06-20T08:19:14+00:00","breadcrumb":{"@id":"https:\/\/dev.supreme-fitness.de\/?page_id=52900#breadcrumb"},"inLanguage":"de","potentialAction":[{"@type":"ReadAction","target":["https:\/\/dev.supreme-fitness.de\/?page_id=52900"]}]},{"@type":"BreadcrumbList","@id":"https:\/\/dev.supreme-fitness.de\/?page_id=52900#breadcrumb","itemListElement":[{"@type":"ListItem","position":1,"name":"Startseite","item":"https:\/\/dev.supreme-fitness.de\/"},{"@type":"ListItem","position":2,"name":"Kontakt"}]},{"@type":"WebSite","@id":"https:\/\/dev.supreme-fitness.de\/#website","url":"https:\/\/dev.supreme-fitness.de\/","name":"Supreme Fitness-Club","description":"Fitness-Studio im Lechfeld, 24.7.365","potentialAction":[{"@type":"SearchAction","target":{"@type":"EntryPoint","urlTemplate":"https:\/\/dev.supreme-fitness.de\/?s={search_term_string}"},"query-input":{"@type":"PropertyValueSpecification","valueRequired":true,"valueName":"search_term_string"}}],"inLanguage":"de"}]}},"_links":{"self":[{"href":"https:\/\/dev.supreme-fitness.de\/index.php?rest_route=\/wp\/v2\/pages\/52900","targetHints":{"allow":["GET"]}}],"collection":[{"href":"https:\/\/dev.supreme-fitness.de\/index.php?rest_route=\/wp\/v2\/pages"}],"about":[{"href":"https:\/\/dev.supreme-fitness.de\/index.php?rest_route=\/wp\/v2\/types\/page"}],"author":[{"embeddable":true,"href":"https:\/\/dev.supreme-fitness.de\/index.php?rest_route=\/wp\/v2\/users\/1"}],"replies":[{"embeddable":true,"href":"https:\/\/dev.supreme-fitness.de\/index.php?rest_route=%2Fwp%2Fv2%2Fcomments&post=52900"}],"version-history":[{"count":7,"href":"https:\/\/dev.supreme-fitness.de\/index.php?rest_route=\/wp\/v2\/pages\/52900\/revisions"}],"predecessor-version":[{"id":52912,"href":"https:\/\/dev.supreme-fitness.de\/index.php?rest_route=\/wp\/v2\/pages\/52900\/revisions\/52912"}],"wp:attachment":[{"href":"https:\/\/dev.supreme-fitness.de\/index.php?rest_route=%2Fwp%2Fv2%2Fmedia&parent=52900"}],"curies":[{"name":"wp","href":"https:\/\/api.w.org\/{rel}","templated":true}]}}